{"id":1661,"date":"2023-03-27T09:41:00","date_gmt":"2023-03-27T06:41:00","guid":{"rendered":"http:\/\/localhost\/?page_id=1661"},"modified":"2024-12-30T19:34:45","modified_gmt":"2024-12-30T16:34:45","slug":"api-for-business","status":"publish","type":"page","link":"https:\/\/quppy.com\/de\/api-for-business\/","title":{"rendered":"B2B API"},"content":{"rendered":"<h1>Transformieren Sie Ihr Gesch\u00e4ft mit Quppys B2B-API-L\u00f6sungen<\/h1>\n<p>Quppy bietet ein leistungsstarkes Tool, mit dem Sie Funktionen f\u00fcr Kryptow\u00e4hrungsb\u00f6rsen und Wallets direkt in Ihre Plattform integrieren k\u00f6nnen. Diese L\u00f6sung richtet sich an Fintech-Unternehmen, Neobanken, E-Commerce-Plattformen und Zahlungsanbieter, die ihr Serviceangebot im Bereich digitale Finanzen erweitern m\u00f6chten.<\/p>\n<h2>Wesentliche Vorteile der Quppy-API<\/h2>\n<ul>\n<li><strong>Umfassende Unterst\u00fctzung f\u00fcr Kryptow\u00e4hrungen:<\/strong> Bieten Sie Ihren Kunden eine breite Auswahl an digitalen Assets zum Handeln und Verwalten. So decken Sie die unterschiedlichen Bed\u00fcrfnisse Ihrer Benutzer ab, unabh\u00e4ngig davon, ob sie erfahrene Trader oder Einsteiger sind.<\/li>\n<li><strong>Erh\u00f6hte Sicherheit:<\/strong> Transaktionen werden durch robuste Sicherheitsprotokolle gesch\u00fctzt, um sowohl Ihre Gesch\u00e4ftsdaten als auch die Ihrer Kunden zu sichern.<\/li>\n<li><strong>Nahtlose Integration:<\/strong> Unsere API ist f\u00fcr eine schnelle und einfache Implementierung konzipiert, wodurch der Aufwand f\u00fcr die Verbesserung Ihrer bestehenden Systeme minimiert wird.<\/li>\n<li><strong>Globale Reichweite:<\/strong> Unterst\u00fctzung f\u00fcr mehrere W\u00e4hrungen und Regionen erm\u00f6glicht Ihnen einen grenzenlosen Betrieb und die Erschlie\u00dfung eines globalen Kundenstamms.<\/li>\n<\/ul>\n<h2>Kernfunktionen<\/h2>\n<ul>\n<li><strong>Sofortiger Austausch:<\/strong> Erm\u00f6glichen Sie Ihren Nutzern den Echtzeithandel mit Kryptow\u00e4hrungen zu wettbewerbsf\u00e4higen Kursen und sorgen Sie f\u00fcr ein reibungsloses und effizientes Handelserlebnis.<\/li>\n<li><strong>Automatisierte Verarbeitung:<\/strong> Optimieren Sie Ihre Abl\u00e4ufe durch automatisierte Transaktionen, die den manuellen Aufwand reduzieren und die Genauigkeit erh\u00f6hen.<\/li>\n<li><strong>Multi-W\u00e4hrungs-Verwaltung:<\/strong> Verwalten Sie verschiedene W\u00e4hrungen \u2013 sowohl digital als auch fiat \u2013 in einem einheitlichen System, um Finanzoperationen zu vereinfachen.<\/li>\n<li><strong>Anpassbare Schnittstelle:<\/strong> Passen Sie die API an Ihre gesch\u00e4ftlichen Anforderungen an, damit sie nahtlos in Ihre bestehende Infrastruktur integriert wird.<\/li>\n<\/ul>\n<h2>Integrationsprozess<\/h2>\n<ol>\n<li><strong>Registrieren:<\/strong> Melden Sie sich bei Quppy an, um Zugang zu allen erforderlichen API-Ressourcen zu erhalten.<\/li>\n<li><strong>Entwickeln:<\/strong> Nutzen Sie unsere Dokumentation und SDKs, um die API reibungslos in Ihre Systeme zu integrieren.<\/li>\n<li><strong>Testen:<\/strong> Validieren Sie Ihre Einrichtung in unserer Testumgebung, um sicherzustellen, dass alles einwandfrei funktioniert.<\/li>\n<li><strong>Live gehen:<\/strong> Starten Sie mit Vertrauen, unterst\u00fctzt durch unseren 24\/7 technischen Support.<\/li>\n<\/ol>\n<h2>Ideale Anwendungsf\u00e4lle<\/h2>\n<ul>\n<li><strong>Fintech-Plattformen:<\/strong> Steigern Sie Ihr Angebot, indem Sie Funktionen f\u00fcr Kryptow\u00e4hrungsb\u00f6rsen und Wallets hinzuf\u00fcgen.<\/li>\n<li><strong>E-Commerce-Websites:<\/strong> Erweitern Sie Ihre Zahlungsm\u00f6glichkeiten durch die Aktivierung von Krypto-Transaktionen und steigern Sie so die Kundenzufriedenheit.<\/li>\n<li><strong>Zahlungsanbieter:<\/strong> Integrieren Sie Transaktionen mit digitalen W\u00e4hrungen nahtlos neben traditionellen Zahlungsmethoden.<\/li>\n<\/ul>\n<h2>Starten Sie noch heute<\/h2>\n<p>Die Quppy-API bietet Ihnen eine einfache M\u00f6glichkeit, die F\u00e4higkeiten Ihres Unternehmens im Bereich digitaler W\u00e4hrungen zu erweitern. Kontaktieren Sie uns, um zu erfahren, wie unsere L\u00f6sung an Ihre spezifischen Bed\u00fcrfnisse angepasst werden kann und wie Sie in einem wettbewerbsintensiven Markt die Nase vorn behalten k\u00f6nnen.<\/p>\n","protected":false},"excerpt":{"rendered":"<p>Transformieren Sie Ihr Gesch\u00e4ft mit Quppys B2B-API-L\u00f6sungen Quppy bietet ein","protected":false},"author":1,"featured_media":0,"parent":0,"menu_order":0,"comment_status":"closed","ping_status":"closed","template":"b2b-page.php","meta":{"footnotes":""},"class_list":["post-1661","page","type-page","status-publish","hentry"],"acf":[],"amp_enabled":true,"_links":{"self":[{"href":"https:\/\/quppy.com\/de\/wp-json\/wp\/v2\/pages\/1661","targetHints":{"allow":["GET"]}}],"collection":[{"href":"https:\/\/quppy.com\/de\/wp-json\/wp\/v2\/pages"}],"about":[{"href":"https:\/\/quppy.com\/de\/wp-json\/wp\/v2\/types\/page"}],"author":[{"embeddable":true,"href":"https:\/\/quppy.com\/de\/wp-json\/wp\/v2\/users\/1"}],"replies":[{"embeddable":true,"href":"https:\/\/quppy.com\/de\/wp-json\/wp\/v2\/comments?post=1661"}],"version-history":[{"count":7,"href":"https:\/\/quppy.com\/de\/wp-json\/wp\/v2\/pages\/1661\/revisions"}],"predecessor-version":[{"id":2743,"href":"https:\/\/quppy.com\/de\/wp-json\/wp\/v2\/pages\/1661\/revisions\/2743"}],"wp:attachment":[{"href":"https:\/\/quppy.com\/de\/wp-json\/wp\/v2\/media?parent=1661"}],"curies":[{"name":"wp","href":"https:\/\/api.w.org\/{rel}","templated":true}]}}