{"id":41,"date":"2022-01-25T15:26:49","date_gmt":"2022-01-25T12:26:49","guid":{"rendered":"http:\/\/localhost\/?page_id=41"},"modified":"2024-11-30T21:17:36","modified_gmt":"2024-11-30T18:17:36","slug":"referral","status":"publish","type":"page","link":"https:\/\/quppy.com\/de\/referral\/","title":{"rendered":"\u0420\u0435\u0444\u0435\u0440\u0430\u043b\u044c\u043d\u0430\u044f \u043f\u0440\u043e\u0433\u0440\u0430\u043c\u043c\u0430"},"content":{"rendered":"<h1>Verdienen Sie mit dem Quppy-Partnerprogramm<\/h1>\n<p>Laden Sie Ihre Freunde ein und verdienen Sie Kryptow\u00e4hrung mit dem Quppy-Partnerprogramm. Mit einfacher Registrierung, gro\u00dfz\u00fcgigen Boni und einfacher Verwaltung Ihrer Einnahmen wurde unser Partnerprogramm entwickelt, um Sie daf\u00fcr zu belohnen, dass Sie anderen helfen, die Vorteile von Quppy zu entdecken.<\/p>\n<h2>Wie das Quppy-Partnerprogramm funktioniert<\/h2>\n<ol>\n<li><strong>Schritt 1: Registrieren<\/strong> Die Teilnahme am Quppy-Partnerprogramm ist ganz einfach. Melden Sie sich einfach f\u00fcr ein Quppy-Konto an, falls Sie noch keines haben. Nach der Registrierung sind Sie automatisch berechtigt, Freunde einzuladen.<\/li>\n<li><strong>Schritt 2: Holen Sie sich Ihren Empfehlungslink<\/strong> Nach der Registrierung erhalten Sie einen einzigartigen Empfehlungslink. Dieser Link ist Ihr Schl\u00fcssel, um Belohnungen zu verdienen. Teilen Sie ihn mit Ihren Freunden, Ihrer Familie oder allen, die von der Nutzung von Quppy profitieren k\u00f6nnten.<\/li>\n<li><strong>Schritt 3: Einen Freund werben<\/strong> Teilen Sie Ihren Empfehlungslink \u00fcber soziale Medien, E-Mail oder sogar direkt \u00fcber die &#8222;Freunde einladen&#8220;-Funktion von PayPal. Jedes Mal, wenn sich jemand \u00fcber Ihren Link registriert und die Kriterien erf\u00fcllt, erhalten Sie beide Belohnungen.<\/li>\n<li><strong>Schritt 4: Boni verdienen<\/strong> Boni werden direkt auf Ihr Quppy-Konto gutgeschrieben, sobald Ihre Empfehlung genehmigt wurde. Ob Sie Kryptow\u00e4hrung oder andere Belohnungen verdienen, die Vorteile sind schnell und einfach sichtbar.<\/li>\n<\/ol>\n<h2>Vorteile des Quppy-Partnerprogramms<\/h2>\n<ul>\n<li><strong>Boni f\u00fcr jede Empfehlung:<\/strong> Verdienen Sie eine Belohnung f\u00fcr jeden Freund, der sich registriert und die erforderlichen Schritte abschlie\u00dft. Je mehr Freunde Sie werben, desto mehr verdienen Sie.<\/li>\n<li><strong>Passives Einkommen:<\/strong> Auch nach Ihrer ersten Einladung k\u00f6nnen Sie weiterhin von den Aktivit\u00e4ten Ihrer Freunde innerhalb von Quppy profitieren.<\/li>\n<li><strong>Keine Grenzen:<\/strong> Es gibt keine Obergrenze f\u00fcr die Anzahl der Freunde, die Sie einladen k\u00f6nnen, oder f\u00fcr den Betrag, den Sie verdienen k\u00f6nnen. Je mehr Sie werben, desto mehr profitieren Sie.<\/li>\n<\/ul>\n<h2>Maximieren Sie Ihre Einnahmen mit dem Quppy-Partnerprogramm<\/h2>\n<ul>\n<li><strong>In sozialen Medien teilen:<\/strong> Nutzen Sie Ihre Social-Media-Plattformen, um Quppy bekannt zu machen. Je mehr Menschen Ihren Empfehlungslink sehen, desto h\u00f6her sind Ihre Chancen, zu verdienen.<\/li>\n<li><strong>Freunde \u00fcber PayPal einladen:<\/strong> Verwenden Sie die &#8222;Freunde einladen&#8220;-Funktion von PayPal, um bei der Empfehlung eine direkte und pers\u00f6nliche Note hinzuzuf\u00fcgen.<\/li>\n<li><strong>Ihren Blog oder Ihre Website nutzen:<\/strong> Wenn Sie einen Blog oder eine Website haben, integrieren Sie Ihren Empfehlungslink in Ihre Inhalte, um ein breiteres Publikum zu erreichen.<\/li>\n<\/ul>\n<h2>H\u00e4ufig gestellte Fragen (FAQ)<\/h2>\n<p><strong>Wie nehme ich am Partnerprogramm teil?<\/strong> Melden Sie sich einfach f\u00fcr ein Quppy-Konto an, und Sie sind automatisch f\u00fcr das Quppy-Partnerprogramm registriert.<br \/>\n<strong>Wann erhalte ich meine Boni?<\/strong><br \/>\nBoni werden in der Regel gutgeschrieben, nachdem Ihr geworbener Freund die Kriterien des Programms erf\u00fcllt hat. Sie k\u00f6nnen Ihre Einnahmen direkt in Ihrem Quppy-Konto \u00fcberwachen.<br \/>\n<strong>Kann ich meine Boni in Fiat-W\u00e4hrung abheben?<\/strong><br \/>\nJa, Ihre verdienten Belohnungen k\u00f6nnen \u00fcber die Auszahlungsoptionen von Quppy in Fiat-W\u00e4hrung umgewandelt und abgehoben werden.<br \/>\n<strong>Gibt es Begrenzungen f\u00fcr die Anzahl der Freunde, die ich einladen kann?<\/strong><br \/>\nNein, Sie k\u00f6nnen so viele Freunde einladen, wie Sie m\u00f6chten. Je mehr Sie einladen, desto mehr verdienen Sie.<br \/>\n<strong>Wer kann am Partnerprogramm teilnehmen?<\/strong><br \/>\nDas Quppy-Partnerprogramm steht allen registrierten Quppy-Nutzern offen. Melden Sie sich einfach an und beginnen Sie, Freunde einzuladen!<br \/>\n<strong>Wann erhalten meine Freunde und ich die Belohnungen?<\/strong><br \/>\nBelohnungen werden in der Regel gutgeschrieben, sobald die Empfehlung die erforderlichen Bedingungen erf\u00fcllt hat, die in den Programmrichtlinien festgelegt sind.<br \/>\n<strong>Ich habe meine Belohnungen nicht erhalten, obwohl mein Freund genehmigt wurde. Wen kann ich kontaktieren?<\/strong><br \/>\nFalls Sie Probleme mit dem Erhalt Ihrer Belohnungen haben, wenden Sie sich bitte an den Quppy-Kundensupport, um Unterst\u00fctzung zu erhalten.<br \/>\n<strong>Wie kann ich sehen, welchen Freund ich geworben habe oder wer mich geworben hat?<\/strong><br \/>\nSie k\u00f6nnen Ihre Empfehlungshistorie ganz einfach in Ihrem Quppy-Konto einsehen, wo Sie eine Liste der von Ihnen geworbenen Personen und der Personen, die Sie geworben haben, finden.<\/p>\n<h2>Fangen Sie noch heute an zu verdienen<\/h2>\n<p>Bereit, loszulegen? Holen Sie sich jetzt Ihren Empfehlungslink und laden Sie Ihre Freunde ein, die Vorteile von Quppy zu erleben. Verdienen Sie noch heute mit dem Quppy-Partnerprogramm!<\/p>\n","protected":false},"excerpt":{"rendered":"<p>Verdienen Sie mit dem Quppy-Partnerprogramm Laden Sie Ihre Freunde ein und verdienen","protected":false},"author":1,"featured_media":0,"parent":0,"menu_order":0,"comment_status":"closed","ping_status":"closed","template":"referral-page.php","meta":{"footnotes":""},"class_list":["post-41","page","type-page","status-publish","hentry"],"acf":[],"_links":{"self":[{"href":"https:\/\/quppy.com\/de\/wp-json\/wp\/v2\/pages\/41","targetHints":{"allow":["GET"]}}],"collection":[{"href":"https:\/\/quppy.com\/de\/wp-json\/wp\/v2\/pages"}],"about":[{"href":"https:\/\/quppy.com\/de\/wp-json\/wp\/v2\/types\/page"}],"author":[{"embeddable":true,"href":"https:\/\/quppy.com\/de\/wp-json\/wp\/v2\/users\/1"}],"replies":[{"embeddable":true,"href":"https:\/\/quppy.com\/de\/wp-json\/wp\/v2\/comments?post=41"}],"version-history":[{"count":2,"href":"https:\/\/quppy.com\/de\/wp-json\/wp\/v2\/pages\/41\/revisions"}],"predecessor-version":[{"id":2708,"href":"https:\/\/quppy.com\/de\/wp-json\/wp\/v2\/pages\/41\/revisions\/2708"}],"wp:attachment":[{"href":"https:\/\/quppy.com\/de\/wp-json\/wp\/v2\/media?parent=41"}],"curies":[{"name":"wp","href":"https:\/\/api.w.org\/{rel}","templated":true}]}}