{"id":1717,"date":"2023-04-05T11:15:59","date_gmt":"2023-04-05T08:15:59","guid":{"rendered":"http:\/\/localhost\/ee\/?page_id=1717"},"modified":"2024-12-04T16:24:30","modified_gmt":"2024-12-04T13:24:30","slug":"api-for-business","status":"publish","type":"page","link":"https:\/\/quppy.com\/ee\/api-for-business\/","title":{"rendered":"B2B API"},"content":{"rendered":"<h1>Muuda Oma \u00c4ri Quppy B2B API Lahendustega<\/h1>\n<p>Quppy pakub v\u00f5imsat t\u00f6\u00f6riista, mis on m\u00f5eldud kr\u00fcptovaluutade vahetuse ja rahakoti funktsioonide integreerimiseks otse teie platvormile. See lahendus on suunatud fintech-ettev\u00f5tetele, neobankadele, e-kaubanduse platvormidele ja makset\u00f6\u00f6tlejatele, kes soovivad laiendada oma teenusepakkumist digitaalse finantssektori valdkonnas.<\/p>\n<h2>Quppy API Peamised Eelised<\/h2>\n<ul>\n<li><strong>Ulatuslik Kr\u00fcptovaluuta Tugi:<\/strong> Pakkuge oma klientidele mitmekesist digitaalsete varade valikut kauplemiseks ja haldamiseks. See tagab, et rahuldaksite oma kasutajate mitmekesised vajadused, olenemata sellest, kas nad on kogenud kauplejad v\u00f5i algajad.<\/li>\n<li><strong>Paranenud Turvalisus:<\/strong> Tehingud on kaitstud tugeva turvaprotokolli abil, tagades, et teie \u00e4ri ja klientide andmed j\u00e4\u00e4vad kaitstuks.<\/li>\n<li><strong>Sujuv Integreerimine:<\/strong> Meie API on kavandatud kiireks ja lihtsaks integreerimiseks, v\u00e4hendades teie olemasolevate s\u00fcsteemide t\u00e4iustamiseks vajalikku aega ja vaeva.<\/li>\n<li><strong>Globaalne Ulatus:<\/strong> Toetades mitmeid valuutasid ja piirkondi, saate tegutseda piiranguteta, pakkudes teenuseid globaalsele klientuurile.<\/li>\n<\/ul>\n<h2>Peamised Omadused<\/h2>\n<ul>\n<li><strong>Reaalajas Vahetus:<\/strong> Pakkuge oma kasutajatele reaalajas kr\u00fcptovaluutade vahetust konkurentsiv\u00f5imeliste hindadega, tagades sujuva ja efektiivse kauplemiskogemuse.<\/li>\n<li><strong>Automatiseeritud T\u00f6\u00f6tlus:<\/strong> Lihtsustage operatsioone automatiseeritud tehingute abil, mis v\u00e4hendab k\u00e4sitsi t\u00f6\u00f6d ja suurendab t\u00e4psust.<\/li>\n<li><strong>Mitmevaluuta Haldamine:<\/strong> Hallake erinevaid valuutasid \u2013 nii digitaalset kui ka fiat-valuutat \u2013 \u00fchtses s\u00fcsteemis, lihtsustades rahalisi toiminguid.<\/li>\n<li><strong>Kohandatav Liides:<\/strong> Kohandage API oma \u00e4ri vajadustele vastavaks, tagades selle sujuva integreerimise teie olemasoleva infrastruktuuriga.<\/li>\n<\/ul>\n<h2>Integreerimisprotsess<\/h2>\n<ol>\n<li><strong>Registreeru:<\/strong> Registreeru Quppysse, et saada juurdep\u00e4\u00e4s k\u00f5ikidele vajalikutele API ressurssidele.<\/li>\n<li><strong>Arenda:<\/strong> Kasuta meie dokumentatsiooni ja SDK-sid, et integreerida API sujuvalt oma s\u00fcsteemidesse.<\/li>\n<li><strong>Testi:<\/strong> Kontrolli oma seadistust meie testkeskkonnas, et tagada k\u00f5ikide funktsioonide korrektne toimimine.<\/li>\n<li><strong>K\u00e4ivita:<\/strong> K\u00e4ivita usaldusv\u00e4\u00e4rselt, toetatuna meie 24\/7 tehnilisest abist.<\/li>\n<\/ol>\n<h2>Ideaalne Kasutuskohad<\/h2>\n<ul>\n<li><strong>Fintech Platvormid:<\/strong> T\u00f5sta oma teenuseid, lisades kr\u00fcptovaluuta vahetuse ja rahakoti v\u00f5imekused.<\/li>\n<li><strong>Elektroonika Kauplused:<\/strong> Laienda maksev\u00f5imalusi, lubades kr\u00fcptovaluuta tehingute tegemist, suurendades klientide rahulolu.<\/li>\n<li><strong>Maksete Pakkujad:<\/strong> Integreeri digitaalsed valuutatehingud sujuvalt traditsiooniliste makseviiside k\u00f5rval.<\/li>\n<\/ul>\n<h2>Alusta T\u00e4na<\/h2>\n<p>Quppy API pakub lihtsat viisi oma \u00e4ri v\u00f5imekuse t\u00e4iustamiseks digitaalsete valuutade valdkonnas. V\u00f5ta meiega \u00fchendust, et teada saada, kuidas meie lahendus saab kohanduda teie spetsiifiliste vajadustega, aidates teil konkurentsitihedas turul ees olla.<\/p>\n","protected":false},"excerpt":{"rendered":"<p>Muuda Oma \u00c4ri Quppy B2B API Lahendustega Quppy pakub v\u00f5imsat t\u00f6\u00f6riista, mis","protected":false},"author":1,"featured_media":0,"parent":0,"menu_order":0,"comment_status":"closed","ping_status":"closed","template":"b2b-page.php","meta":{"footnotes":""},"class_list":["post-1717","page","type-page","status-publish","hentry"],"acf":[],"_links":{"self":[{"href":"https:\/\/quppy.com\/ee\/wp-json\/wp\/v2\/pages\/1717","targetHints":{"allow":["GET"]}}],"collection":[{"href":"https:\/\/quppy.com\/ee\/wp-json\/wp\/v2\/pages"}],"about":[{"href":"https:\/\/quppy.com\/ee\/wp-json\/wp\/v2\/types\/page"}],"author":[{"embeddable":true,"href":"https:\/\/quppy.com\/ee\/wp-json\/wp\/v2\/users\/1"}],"replies":[{"embeddable":true,"href":"https:\/\/quppy.com\/ee\/wp-json\/wp\/v2\/comments?post=1717"}],"version-history":[{"count":14,"href":"https:\/\/quppy.com\/ee\/wp-json\/wp\/v2\/pages\/1717\/revisions"}],"predecessor-version":[{"id":2098,"href":"https:\/\/quppy.com\/ee\/wp-json\/wp\/v2\/pages\/1717\/revisions\/2098"}],"wp:attachment":[{"href":"https:\/\/quppy.com\/ee\/wp-json\/wp\/v2\/media?parent=1717"}],"curies":[{"name":"wp","href":"https:\/\/api.w.org\/{rel}","templated":true}]}}