{"id":41,"date":"2022-01-25T15:26:49","date_gmt":"2022-01-25T12:26:49","guid":{"rendered":"http:\/\/localhost\/?page_id=41"},"modified":"2024-09-03T01:08:38","modified_gmt":"2024-09-02T22:08:38","slug":"referral","status":"publish","type":"page","link":"https:\/\/quppy.com\/ee\/referral\/","title":{"rendered":"\u0420\u0435\u0444\u0435\u0440\u0430\u043b\u044c\u043d\u0430\u044f \u043f\u0440\u043e\u0433\u0440\u0430\u043c\u043c\u0430"},"content":{"rendered":"<h1>Kasu Quppy Soovituste Programmist<\/h1>\n<p>Kutsu oma s\u00f5pru ja teenige kr\u00fcptovaluutat Quppy Soovituste Programmi kaudu. Lihtsa registreerimise, heldete boonuste ja lihtsa tulude haldamisega on meie soovitusprogramm loodud selleks, et premeerida teid teistele Quppy eeliste tutvustamise eest.<\/p>\n<h2>Kuidas Quppy Soovituste Programm T\u00f6\u00f6tab<\/h2>\n<ol>\n<li><strong>1. Samm: Registreerumine<\/strong><br \/>\n  Liitumine Quppy Soovituste Programmi on lihtne. Lihtsalt registreeruge Quppy konto jaoks, kui te pole seda veel teinud. Kui olete registreerunud, olete automaatselt \u00f5igustatud s\u00f5prade soovitamiseks.<\/li>\n<li><strong>2. Samm: Hankige Oma Soovituse Link<\/strong><br \/>\n  Registreerumise j\u00e4rel saate unikaalse soovituslingi. See link on teie v\u00f5ti preemiate teenimiseks. Jagage seda oma s\u00f5prade, pereliikmete v\u00f5i k\u00f5igiga, kes v\u00f5iksid Quppyst kasu saada.<\/li>\n<li><strong>3. Samm: Soovitage S\u00f5pra<\/strong><br \/>\n  Jagage oma soovituslinki sotsiaalmeedias, e-posti teel v\u00f5i isegi otse PayPali s\u00f5bra kutsumise funktsiooni kaudu. Iga kord, kui keegi registreerub teie lingi kaudu ja t\u00e4idab n\u00f5uded, teenite nii teie kui teie s\u00f5ber preemiaid.<\/li>\n<li><strong>4. Samm: Teenige Boonuseid<\/strong><br \/>\n  Boonused kantakse otse teie Quppy kontole, kui teie soovitus on kinnitatud. Olenemata sellest, kas teenite kr\u00fcptovaluutat v\u00f5i muid preemiaid, n\u00e4ete eeliseid kiiresti ja lihtsalt.<\/li>\n<\/ol>\n<h2>Quppy Soovituste Programmi Eelised<\/h2>\n<ul>\n<li><strong>Boonused Iga Soovituse Eest:<\/strong> Teenige tasu iga s\u00f5bra eest, kes registreerub ja t\u00e4idab vajalikud sammud. Mida rohkem s\u00f5pru soovitate, seda rohkem teenite.<\/li>\n<li><strong>Passiivne Tulu:<\/strong> Isegi p\u00e4rast esmast kutset saate j\u00e4tkata teenimist oma s\u00f5prade tegevustest Quppys.<\/li>\n<li><strong>Ilma Piiranguteta:<\/strong> Ei ole piiratud s\u00f5prade arvu ega teenitava summa osas. Mida rohkem soovitate, seda rohkem kasu saate.<\/li>\n<\/ul>\n<h2>Maximeerige Oma Tulu Quppy Soovituste Programmiga<\/h2>\n<ul>\n<li><strong>Jagage Sotsiaalmeedias:<\/strong> Kasutage oma sotsiaalmeedia platvorme, et tutvustada Quppyt. Mida rohkem inimesi n\u00e4eb teie soovituslinki, seda suurem on teie teenimisv\u00f5imalus.<\/li>\n<li><strong>Kutsuge S\u00f5pru PayPali kaudu:<\/strong> Kasutage PayPali s\u00f5bra kutsumise funktsiooni, et anda isiklik ja otsene kutse teistele.<\/li>\n<li><strong>Kasutage Oma Blogi v\u00f5i Veebilehte:<\/strong> Kui teil on blogi v\u00f5i veebileht, lisage oma soovituslink oma sisu hulka, et j\u00f5uda laiema publikuni.<\/li>\n<\/ul>\n<h2>Korduma Kippuvad K\u00fcsimused (KKK)<\/h2>\n<p><strong>Kuidas liituda soovitusprogrammi?<\/strong><br \/>\nLihtsalt registreeruge Quppy konto jaoks, ja teid registreeritakse automaatselt Quppy Soovituste Programmi.<\/p>\n<p><strong>Millal ma saan oma boonuseid?<\/strong><br \/>\nBoonused kantakse tavaliselt peale seda, kui teie soovitus on t\u00e4itnud programmi n\u00f5uded. Saate oma teenimisv\u00f5imalusi j\u00e4lgida otse oma Quppy kontolt.<\/p>\n<p><strong>Kas ma saan oma boonuseid fiat-rahas v\u00e4lja v\u00f5tta?<\/strong><br \/>\nJah, teie teenitud preemiad saab konverteerida ja v\u00e4lja v\u00f5tta fiat-rahas Quppy v\u00e4ljamaksev\u00f5imaluste kaudu.<\/p>\n<p><strong>Kas on piiranguid s\u00f5prade arvule, keda ma saan kutsuda?<\/strong><br \/>\nEi, saate kutsuda nii palju s\u00f5pru kui soovite. Mida rohkem kutsute, seda rohkem teenite.<\/p>\n<p><strong>Kes saavad osaleda soovitusprogrammis?<\/strong><br \/>\nQuppy Soovituste Programm on avatud k\u00f5ikidele Quppy registreeritud kasutajatele. Lihtsalt registreeruge ja alustage soovitamist!<\/p>\n<p><strong>Kuna saavad minu s\u00f5brad ja mina oma preemiad?<\/strong><br \/>\nPreemiad kantakse tavaliselt p\u00e4rast seda, kui soovitus on t\u00e4itnud n\u00f5utud tingimused, mida on kirjeldatud programmi tingimustes.<\/p>\n<p><strong>Ma ei ole oma preemiaid saanud, kuid minu s\u00f5ber on heaks kiidetud. Kelle poole peaksin p\u00f6\u00f6rduma?<\/strong><br \/>\nKui teil on probleeme oma preemiate saamisega, palun v\u00f5tke \u00fchendust Quppy klienditoega, et saada abi.<\/p>\n<p><strong>Kuidas n\u00e4ha, kellele ma olen soovitanud v\u00f5i kes mind soovitas?<\/strong><br \/>\nSaate h\u00f5lpsasti kontrollida oma soovituste ajalugu oma Quppy kontol, kus n\u00e4ete nimekirja isikutest, keda olete soovitanud ja kes on teid soovitanud.<\/p>\n<h2>Alustage Teenimist T\u00e4na<\/h2>\n<p>Olete valmis teenima? Hankige oma soovituslink kohe ja kutsuge oma s\u00f5brad avastama Quppy eeliseid. Alustage teenimist juba t\u00e4na Quppy Soovituste Programmi kaudu!<\/p>\n","protected":false},"excerpt":{"rendered":"<p>Kasu Quppy Soovituste Programmist Kutsu oma s\u00f5pru ja teenige kr\u00fcptovaluutat","protected":false},"author":1,"featured_media":0,"parent":0,"menu_order":0,"comment_status":"closed","ping_status":"closed","template":"referral-page.php","meta":{"footnotes":""},"class_list":["post-41","page","type-page","status-publish","hentry"],"acf":[],"_links":{"self":[{"href":"https:\/\/quppy.com\/ee\/wp-json\/wp\/v2\/pages\/41","targetHints":{"allow":["GET"]}}],"collection":[{"href":"https:\/\/quppy.com\/ee\/wp-json\/wp\/v2\/pages"}],"about":[{"href":"https:\/\/quppy.com\/ee\/wp-json\/wp\/v2\/types\/page"}],"author":[{"embeddable":true,"href":"https:\/\/quppy.com\/ee\/wp-json\/wp\/v2\/users\/1"}],"replies":[{"embeddable":true,"href":"https:\/\/quppy.com\/ee\/wp-json\/wp\/v2\/comments?post=41"}],"version-history":[{"count":13,"href":"https:\/\/quppy.com\/ee\/wp-json\/wp\/v2\/pages\/41\/revisions"}],"predecessor-version":[{"id":2016,"href":"https:\/\/quppy.com\/ee\/wp-json\/wp\/v2\/pages\/41\/revisions\/2016"}],"wp:attachment":[{"href":"https:\/\/quppy.com\/ee\/wp-json\/wp\/v2\/media?parent=41"}],"curies":[{"name":"wp","href":"https:\/\/api.w.org\/{rel}","templated":true}]}}