{"id":7,"date":"2022-01-25T13:48:00","date_gmt":"2022-01-25T10:48:00","guid":{"rendered":"http:\/\/localhost\/?page_id=7"},"modified":"2025-10-16T13:46:05","modified_gmt":"2025-10-16T10:46:05","slug":"%d0%b3%d0%bb%d0%b0%d0%b2%d0%bd%d0%b0%d1%8f","status":"publish","type":"page","link":"https:\/\/quppy.com\/ee\/","title":{"rendered":"Main page"},"content":{"rendered":"<h1>Lihtsustage Oma Finantse Quppyga<\/h1>\n<p>Quppy rahakott on loodud lihtsustama digitaalsete ja traditsiooniliste valuutade haldamist \u00fches turvalises rakenduses. Olenemata sellest, kas vajate kr\u00fcptovaluutade v\u00f5i fiat-raha haldamist, pakub Quppy sujuvat kogemust, mis paneb teid juhtima, olenemata teie asukohast.<\/p>\n<h2>Miks valida Quppy?<\/h2>\n<h3>K\u00f5ikeh\u00f5lmav Finantsjuhtimine<\/h3>\n<p>Quppyga on mitme valuuta haldamine lihtne. Rahakott integreerib nii digitaalsed varad kui ka traditsioonilised rahad, v\u00f5imaldades teil j\u00e4lgida k\u00f5iki oma finantse \u00fchest platvormist. See on ideaalne t\u00f6\u00f6riist k\u00f5igile, kes vajavad usaldusv\u00e4\u00e4rset ja paindlikku finantslahendust.<\/p>\n<h3>Reaalajas J\u00e4lgimine<\/h3>\n<p>Hoidke end kursis oma tehingute ja saldode \u00fcksikasjadega reaalajas. Quppy liides annab teile korraldatud \u00fclevaate teie finantsaktivitest, lihtsustades digitaalsete ja fiat-varade j\u00e4lgimist.<\/p>\n<h3>Efektiivne Euroopa Maksmine<\/h3>\n<p>Quppy lihtsustab teie finantstegevusi t\u00e4ieliku SEPA maksete toe abil, v\u00f5imaldades teil rahade \u00fclekandmist Euroopas. Hallake oma euro tehinguid sujuvalt otse rahakotist.<\/p>\n<h3>Tipptasemel Turvalisus<\/h3>\n<p>Teie rahalised vahendid ja andmed on kaitstud edasij\u00f5udnud turvaprotokollidega. Quppy kasutab kr\u00fcpteerimist ja t\u00e4iendavaid turvameetmeid teie varade kaitsmiseks, tagades, et teie finantsid on alati turvalised.<\/p>\n<h3>24\/7 Tugi<\/h3>\n<p>Quppy klienditeenindus on saadaval 24\/7, et aidata teil lahendada k\u00fcsimusi v\u00f5i tehnilisi probleeme. Pole t\u00e4htis, milline probleem teil on, meie meeskond on valmis aitama teil maksimeerida rahakoti kasutamise eeliseid.<\/p>\n<h2>Kuidas Alustada<\/h2>\n<ol>\n<li><strong>Looge Oma Konto:<\/strong> Registreeruge ja seadistage oma Quppy rahakott minutitega.<\/li>\n<li><strong>Lisage Oma Valuutad:<\/strong> Hallake rakenduses erinevaid digitaalsete ja traditsiooniliste valuutade.<\/li>\n<li><strong>Alustage Haldusega:<\/strong> Hallake oma rahandust, tehke makseid ja j\u00e4lgige tehinguid k\u00f5ik \u00fchest kohast.<\/li>\n<\/ol>\n<h2>K\u00f5ige Olulisemad Kasutaja Eelised<\/h2>\n<ul>\n<li><strong>Turvalisus:<\/strong> Teie varad on kaitstud tugevate turvafunktsioonidega, sealhulgas kr\u00fcpteerimise ja kahefaktorilise autentimisega.<\/li>\n<li><strong>Kasutusmugavus:<\/strong> Intuitiivne disain muudab kr\u00fcptovaluutade ja fiat-raha haldamise lihtsaks ja otsekoheseks.<\/li>\n<li><strong>Mitmekesisus:<\/strong> Hallake laia valikut valuutasid \u00fche rahakoti sees, kohandatud teie vajadustele.<\/li>\n<\/ul>\n<h2>Korduma Kippuvad K\u00fcsimused (KKK)<\/h2>\n<p><strong>Mis asju saan Quppy rahakotiga teha?<\/strong><br \/>\nQuppy v\u00f5imaldab teil hallata erinevaid digitaalseid ja traditsioonilisi valuutasid. Saate oma varasid turvaliselt saata, vastu v\u00f5tta ja s\u00e4ilitada, muutes selle k\u00f5ikeh\u00f5lmavaks t\u00f6\u00f6riistaks k\u00f5ikide teie finantsvajaduste jaoks.<\/p>\n<p><strong>Kas Quppy rahakott on turvaline?<\/strong><br \/>\nJah, Quppy kasutab edasij\u00f5udnud turvatehnoloogiaid, sealhulgas kr\u00fcpteerimist ja kahefaktorilist autentimist, et kaitsta teie varasid ja andmeid.<\/p>\n<p><strong>Kas ma saan Quppy&#8217;t rahvusvaheliselt kasutada?<\/strong><br \/>\nJah, Quppy rahakott on saadaval \u00fcle kogu maailma, andes teile t\u00e4ieliku kontrolli oma finantside \u00fcle, kus iganes te ka ei viibiks.<\/p>\n<p><strong>Kas Quppy toetab SEPA makseid?<\/strong><br \/>\nJah, Quppy toetab SEPA makseid, h\u00f5lbustades eurode saatmist ja vastuv\u00f5tmist kogu Euroopas.<\/p>\n<p><strong>Kuidas saada abi, kui mul on probleem?<\/strong><br \/>\nQuppy pakub 24\/7 tuge vestluse, e-posti ja telefoni teel, et aidata teil lahendada mis tahes probleeme v\u00f5i k\u00fcsimusi.<\/p>\n<h2>Alustage Quppy Kasutamist T\u00e4na<\/h2>\n<p>V\u00f5tke oma finantside juhtimine Quppy abil enda k\u00e4tte. Laadige rakendus alla juba t\u00e4na ja avastage, kui mugav on hallata oma valuutasid \u00fches turvalises rahakotis.<\/p>\n","protected":false},"excerpt":{"rendered":"<p>Lihtsustage Oma Finantse Quppyga Quppy rahakott on loodud lihtsustama digitaalsete","protected":false},"author":1,"featured_media":0,"parent":0,"menu_order":0,"comment_status":"closed","ping_status":"closed","template":"main-page.php","meta":{"footnotes":""},"class_list":["post-7","page","type-page","status-publish","hentry"],"acf":[],"_links":{"self":[{"href":"https:\/\/quppy.com\/ee\/wp-json\/wp\/v2\/pages\/7","targetHints":{"allow":["GET"]}}],"collection":[{"href":"https:\/\/quppy.com\/ee\/wp-json\/wp\/v2\/pages"}],"about":[{"href":"https:\/\/quppy.com\/ee\/wp-json\/wp\/v2\/types\/page"}],"author":[{"embeddable":true,"href":"https:\/\/quppy.com\/ee\/wp-json\/wp\/v2\/users\/1"}],"replies":[{"embeddable":true,"href":"https:\/\/quppy.com\/ee\/wp-json\/wp\/v2\/comments?post=7"}],"version-history":[{"count":190,"href":"https:\/\/quppy.com\/ee\/wp-json\/wp\/v2\/pages\/7\/revisions"}],"predecessor-version":[{"id":2121,"href":"https:\/\/quppy.com\/ee\/wp-json\/wp\/v2\/pages\/7\/revisions\/2121"}],"wp:attachment":[{"href":"https:\/\/quppy.com\/ee\/wp-json\/wp\/v2\/media?parent=7"}],"curies":[{"name":"wp","href":"https:\/\/api.w.org\/{rel}","templated":true}]}}