{"id":41,"date":"2022-01-25T15:26:49","date_gmt":"2022-01-25T12:26:49","guid":{"rendered":"http:\/\/localhost\/fr\/?page_id=41"},"modified":"2024-09-03T01:09:21","modified_gmt":"2024-09-02T22:09:21","slug":"referral","status":"publish","type":"page","link":"https:\/\/quppy.com\/fr\/referral\/","title":{"rendered":"\u0420\u0435\u0444\u0435\u0440\u0430\u043b\u044c\u043d\u0430\u044f \u043f\u0440\u043e\u0433\u0440\u0430\u043c\u043c\u0430"},"content":{"rendered":"<h1>Gagnez avec le Programme de Parrainage Quppy<\/h1>\n<p>Invitez vos amis et gagnez des cryptomonnaies gr\u00e2ce au Programme de Parrainage de Quppy. Avec une inscription simple, des bonus g\u00e9n\u00e9reux et une gestion facile de vos gains, notre programme de parrainage est con\u00e7u pour vous r\u00e9compenser pour avoir aid\u00e9 les autres \u00e0 d\u00e9couvrir les avantages de Quppy.<\/p>\n<h2>Comment Fonctionne le Programme de Parrainage Quppy<\/h2>\n<ol>\n<li><strong>\u00c9tape 1 : Inscription<\/strong><br \/>\n  Rejoindre le Programme de Parrainage Quppy est facile. Inscrivez-vous simplement pour un compte Quppy si vous ne l&rsquo;avez pas encore fait. Une fois inscrit, vous \u00eates automatiquement \u00e9ligible pour commencer \u00e0 parrainer des amis.<\/li>\n<li><strong>\u00c9tape 2 : Obtenez Votre Lien de Parrainage<\/strong><br \/>\n  Apr\u00e8s l&rsquo;inscription, vous recevrez un lien de parrainage unique. Ce lien est votre cl\u00e9 pour gagner des r\u00e9compenses. Partagez-le avec vos amis, votre famille ou toute personne qui pourrait b\u00e9n\u00e9ficier de l&rsquo;utilisation de Quppy.<\/li>\n<li><strong>\u00c9tape 3 : Parrainer un Ami<\/strong><br \/>\n  Partagez votre lien de parrainage via les r\u00e9seaux sociaux, par e-mail, ou m\u00eame directement via la fonction d&rsquo;invitation d&rsquo;amis de PayPal. Chaque fois que quelqu&rsquo;un s&rsquo;inscrit en utilisant votre lien et satisfait aux crit\u00e8res, vous et votre ami gagnez des r\u00e9compenses.<\/li>\n<li><strong>\u00c9tape 4 : Gagnez des Bonus<\/strong><br \/>\n  Les bonus sont cr\u00e9dit\u00e9s directement sur votre compte Quppy une fois que votre parrainage est approuv\u00e9. Que vous gagniez des cryptomonnaies ou d&rsquo;autres r\u00e9compenses, vous verrez les avantages rapidement et facilement.<\/li>\n<\/ol>\n<h2>Avantages du Programme de Parrainage Quppy<\/h2>\n<ul>\n<li><strong>Bonus pour Chaque Parrainage :<\/strong> Gagnez une r\u00e9compense pour chaque ami qui s&rsquo;inscrit et compl\u00e8te les \u00e9tapes n\u00e9cessaires. Plus vous parrainez d&rsquo;amis, plus vous gagnez.<\/li>\n<li><strong>Revenu Passif :<\/strong> M\u00eame apr\u00e8s votre invitation initiale, vous pouvez continuer \u00e0 gagner gr\u00e2ce aux activit\u00e9s de vos amis dans Quppy.<\/li>\n<li><strong>Pas de Limites :<\/strong> Il n&rsquo;y a pas de plafond sur le nombre d&rsquo;amis que vous pouvez inviter ou sur le montant que vous pouvez gagner. Plus vous parrainez, plus vous b\u00e9n\u00e9ficiez.<\/li>\n<\/ul>\n<h2>Maximiser Vos Gains avec le Programme de Parrainage Quppy<\/h2>\n<ul>\n<li><strong>Partagez sur les R\u00e9seaux Sociaux :<\/strong> Utilisez vos plateformes de m\u00e9dias sociaux pour faire conna\u00eetre Quppy. Plus de personnes verront votre lien de parrainage, plus vous aurez de chances de gagner.<\/li>\n<li><strong>Invitez des Amis via PayPal :<\/strong> Utilisez la fonction d&rsquo;invitation d&rsquo;amis de PayPal pour une approche directe et personnelle lorsque vous parrainez d&rsquo;autres personnes.<\/li>\n<li><strong>Exploitez Votre Blog ou Site Web :<\/strong> Si vous avez un blog ou un site web, int\u00e9grez votre lien de parrainage dans votre contenu pour toucher un public plus large.<\/li>\n<\/ul>\n<h2>Questions Fr\u00e9quemment Pos\u00e9es (FAQ)<\/h2>\n<p><strong>Comment rejoindre le programme de parrainage ?<\/strong><br \/>\nIl vous suffit de vous inscrire pour un compte Quppy, et vous serez automatiquement inscrit au Programme de Parrainage Quppy.<\/p>\n<p><strong>Quand recevrai-je mes bonus ?<\/strong><br \/>\nLes bonus sont g\u00e9n\u00e9ralement cr\u00e9dit\u00e9s peu apr\u00e8s que votre ami parrain\u00e9 ait satisfait aux crit\u00e8res du programme. Vous pouvez suivre vos gains directement dans votre compte Quppy.<\/p>\n<p><strong>Puis-je retirer mes bonus en monnaie fiduciaire ?<\/strong><br \/>\nOui, vos r\u00e9compenses peuvent \u00eatre converties et retir\u00e9es en monnaie fiduciaire via les options de retrait de Quppy.<\/p>\n<p><strong>Y a-t-il des limites sur le nombre d&rsquo;amis que je peux inviter ?<\/strong><br \/>\nNon, vous pouvez inviter autant d&rsquo;amis que vous le souhaitez. Plus vous invitez, plus vous gagnez.<\/p>\n<p><strong>Qui peut participer au programme de parrainage ?<\/strong><br \/>\nLe Programme de Parrainage Quppy est ouvert \u00e0 tous les utilisateurs inscrits de Quppy. Il vous suffit de vous inscrire et de commencer \u00e0 parrainer !<\/p>\n<p><strong>Quand mes amis et moi recevrons-nous les r\u00e9compenses ?<\/strong><br \/>\nLes r\u00e9compenses sont g\u00e9n\u00e9ralement cr\u00e9dit\u00e9es une fois que le parrainage a satisfait aux conditions requises, d\u00e9taill\u00e9es dans les termes du programme.<\/p>\n<p><strong>Je n&rsquo;ai pas re\u00e7u mes r\u00e9compenses mais mon ami a \u00e9t\u00e9 approuv\u00e9. Qui dois-je contacter ?<\/strong><br \/>\nSi vous rencontrez des probl\u00e8mes pour recevoir vos r\u00e9compenses, veuillez contacter le support client de Quppy pour obtenir de l&rsquo;aide.<\/p>\n<p><strong>Comment puis-je voir quel ami j&rsquo;ai parrain\u00e9 ou qui m&rsquo;a parrain\u00e9 ?<\/strong><br \/>\nVous pouvez facilement v\u00e9rifier votre historique de parrainage dans votre compte Quppy, o\u00f9 vous verrez une liste des personnes que vous avez parrain\u00e9es et qui vous a parrain\u00e9.<\/p>\n<h2>Commencez \u00e0 Gagner Aujourd&rsquo;hui<\/h2>\n<p>Pr\u00eat \u00e0 commencer \u00e0 gagner ? Obtenez votre lien de parrainage maintenant et invitez vos amis \u00e0 d\u00e9couvrir les avantages de Quppy. Commencez \u00e0 gagner d\u00e8s aujourd&rsquo;hui avec le Programme de Parrainage Quppy !<\/p>\n","protected":false},"excerpt":{"rendered":"<p>Gagnez avec le Programme de Parrainage Quppy Invitez vos amis et gagnez des cryptomonnaies","protected":false},"author":1,"featured_media":0,"parent":0,"menu_order":0,"comment_status":"closed","ping_status":"closed","template":"referral-page.php","meta":{"footnotes":""},"class_list":["post-41","page","type-page","status-publish","hentry"],"acf":[],"_links":{"self":[{"href":"https:\/\/quppy.com\/fr\/wp-json\/wp\/v2\/pages\/41","targetHints":{"allow":["GET"]}}],"collection":[{"href":"https:\/\/quppy.com\/fr\/wp-json\/wp\/v2\/pages"}],"about":[{"href":"https:\/\/quppy.com\/fr\/wp-json\/wp\/v2\/types\/page"}],"author":[{"embeddable":true,"href":"https:\/\/quppy.com\/fr\/wp-json\/wp\/v2\/users\/1"}],"replies":[{"embeddable":true,"href":"https:\/\/quppy.com\/fr\/wp-json\/wp\/v2\/comments?post=41"}],"version-history":[{"count":11,"href":"https:\/\/quppy.com\/fr\/wp-json\/wp\/v2\/pages\/41\/revisions"}],"predecessor-version":[{"id":1384,"href":"https:\/\/quppy.com\/fr\/wp-json\/wp\/v2\/pages\/41\/revisions\/1384"}],"wp:attachment":[{"href":"https:\/\/quppy.com\/fr\/wp-json\/wp\/v2\/media?parent=41"}],"curies":[{"name":"wp","href":"https:\/\/api.w.org\/{rel}","templated":true}]}}