{"id":7,"date":"2022-01-25T13:48:00","date_gmt":"2022-01-25T10:48:00","guid":{"rendered":"http:\/\/localhost\/?page_id=7"},"modified":"2025-10-16T13:47:43","modified_gmt":"2025-10-16T10:47:43","slug":"%d0%b3%d0%bb%d0%b0%d0%b2%d0%bd%d0%b0%d1%8f","status":"publish","type":"page","link":"https:\/\/quppy.com\/pl\/","title":{"rendered":"Quppy neobank \u2014 your blockchain e-wallet for crypto currency and fiat trading"},"content":{"rendered":"<h1>Upro\u015b\u0107 swoje finanse dzi\u0119ki Quppy<\/h1>\n<p><span data-sheets-root=\"1\">Cyfrowy Portfel Quppy zosta\u0142 zaprojektowany, aby usprawni\u0107 zarz\u0105dzanie zar\u00f3wno walutami cyfrowymi, jak i tradycyjnymi w jednej bezpiecznej aplikacji. Niezale\u017cnie od tego, czy obs\u0142ugujesz kryptowaluty, czy pieni\u0105dze fiat, Quppy oferuje p\u0142ynne do\u015bwiadczenie, kt\u00f3re daje Ci kontrol\u0119 \u2014 gdziekolwiek jeste\u015b.<\/span><\/p>\n<h2><span data-sheets-root=\"1\">Dlaczego my?<\/span><\/h2>\n<h3><span data-sheets-root=\"1\">Kompleksowe zarz\u0105dzanie finansami<\/span><\/h3>\n<p><span data-sheets-root=\"1\">Z nami zarz\u0105dzanie wieloma walutami jest proste. Platforma integruje zar\u00f3wno aktywa cyfrowe, jak i tradycyjne \u015brodki, pozwalaj\u0105c nadzorowa\u0107 wszystkie finanse z jednego interfejsu. To idealne narz\u0119dzie dla ka\u017cdego, kto potrzebuje niezawodnego i elastycznego rozwi\u0105zania finansowego.<\/span><\/p>\n<h3><span data-sheets-root=\"1\">Nadz\u00f3r w czasie rzeczywistym<\/span><\/h3>\n<p><span data-sheets-root=\"1\">B\u0105d\u017a na bie\u017c\u0105co ze szczeg\u00f3\u0142ami transakcji i sald. Interfejs platformy daje uporz\u0105dkowany podgl\u0105d aktywno\u015bci finansowej, u\u0142atwiaj\u0105c \u015bledzenie aktyw\u00f3w cyfrowych i fiat.<\/span><\/p>\n<h3><span data-sheets-root=\"1\">Sprawne p\u0142atno\u015bci europejskie<\/span><\/h3>\n<p><span data-sheets-root=\"1\">Quppy upraszcza operacje finansowe dzi\u0119ki pe\u0142nej obs\u0142udze p\u0142atno\u015bci SEPA, u\u0142atwiaj\u0105c przep\u0142yw \u015brodk\u00f3w w ca\u0142ej Europie. Zarz\u0105dzaj transakcjami w euro bezpo\u015brednio z portfela.<\/span><\/p>\n<h3><span data-sheets-root=\"1\">Najwy\u017cszy poziom bezpiecze\u0144stwa<\/span><\/h3>\n<p><span data-sheets-root=\"1\">Twoje \u015brodki i dane s\u0105 chronione zaawansowanymi protoko\u0142ami. Platforma wykorzystuje szyfrowanie i dodatkowe zabezpieczenia, aby stale dba\u0107 o bezpiecze\u0144stwo finans\u00f3w.<\/span><\/p>\n<h3><span data-sheets-root=\"1\">Ca\u0142odobowe wsparcie<\/span><\/h3>\n<p><span data-sheets-root=\"1\">Wsparcie klienta Quppy jest dost\u0119pne 24\/7, aby pom\u00f3c w ka\u017cdej kwestii lub problemie technicznym. Niezale\u017cnie od sprawy, nasz zesp\u00f3\u0142 pomo\u017ce w pe\u0142ni wykorzysta\u0107 mo\u017cliwo\u015bci portfela.<\/span><\/p>\n<h2>Jak zacz\u0105\u0107<\/h2>\n<ol>\n<li><strong>Utw\u00f3rz swoje konto:<\/strong> Zarejestruj si\u0119 i skonfiguruj sw\u00f3j portfel Quppy w kilka minut.<\/li>\n<li><strong>Dodaj swoje waluty:<\/strong> Zarz\u0105dzaj r\u00f3\u017cnorodnymi walutami cyfrowymi i tradycyjnymi w aplikacji.<\/li>\n<li><strong>Rozpocznij zarz\u0105dzanie:<\/strong> Obs\u0142uguj swoje finanse, dokonuj p\u0142atno\u015bci i monitoruj transakcje \u2014 wszystko w jednym miejscu, z dodatkow\u0105 wygod\u0105 bramki p\u0142atno\u015bci kryptowalutowych.<\/li>\n<\/ol>\n<h2>Kluczowe korzy\u015bci dla u\u017cytkownik\u00f3w<\/h2>\n<ul>\n<li><strong>Bezpiecze\u0144stwo:<\/strong> Twoje aktywa s\u0105 chronione dzi\u0119ki solidnym funkcjom bezpiecze\u0144stwa, w tym szyfrowaniu i uwierzytelnianiu dwusk\u0142adnikowemu.<\/li>\n<li><strong>\u0141atwo\u015b\u0107 obs\u0142ugi:<\/strong> Intuicyjny projekt sprawia, \u017ce zarz\u0105dzanie kryptowalutami i walutami fiducjarnymi jest proste.<\/li>\n<li><strong>Wszechstronno\u015b\u0107:<\/strong> Zarz\u0105dzaj szerok\u0105 gam\u0105 walut w jednym portfelu, dostosowanym do Twoich potrzeb.<\/li>\n<\/ul>\n<h2>Najcz\u0119\u015bciej zadawane pytania (FAQ)<\/h2>\n<p><strong>Co mog\u0119 zrobi\u0107 z Quppy Wallet?<\/strong><br \/>\nQuppy umo\u017cliwia zarz\u0105dzanie szerok\u0105 gam\u0105 walut cyfrowych i tradycyjnych. Mo\u017cesz wysy\u0142a\u0107, odbiera\u0107 i bezpiecznie przechowywa\u0107 swoje aktywa, co czyni go wszechstronnym narz\u0119dziem do wszystkich potrzeb finansowych.<\/p>\n<p><strong>Czy Quppy Wallet jest bezpieczny?<\/strong><br \/>\nTak, Quppy korzysta z zaawansowanych technologii bezpiecze\u0144stwa, w tym szyfrowania i uwierzytelniania dwusk\u0142adnikowego, aby chroni\u0107 Twoje aktywa i dane.<\/p>\n<p><strong>Czy mog\u0119 korzysta\u0107 z Quppy na ca\u0142ym \u015bwiecie?<\/strong><br \/>\nOczywi\u015bcie. Quppy Wallet jest dost\u0119pny z dowolnego miejsca na \u015bwiecie, daj\u0105c Ci pe\u0142n\u0105 kontrol\u0119 nad finansami, niezale\u017cnie od tego, gdzie jeste\u015b.<\/p>\n<p><strong>Czy Quppy obs\u0142uguje p\u0142atno\u015bci SEPA?<\/strong><br \/>\nTak, Quppy obs\u0142uguje p\u0142atno\u015bci SEPA, co u\u0142atwia wysy\u0142anie i odbieranie euro w ca\u0142ej Europie.<\/p>\n<p><strong>Jak mog\u0119 uzyska\u0107 pomoc, je\u015bli mam problem?<\/strong><br \/>\nQuppy oferuje wsparcie 24\/7 poprzez czat, e-mail i telefon, aby pom\u00f3c Ci w rozwi\u0105zaniu wszelkich problem\u00f3w lub odpowiedzie\u0107 na pytania.<\/p>\n<h2>Zacznij korzysta\u0107 z Quppy ju\u017c dzi\u015b<\/h2>\n<p>Przejmij kontrol\u0119 nad swoimi finansami dzi\u0119ki Quppy. Pobierz aplikacj\u0119 ju\u017c dzi\u015b i do\u015bwiadcz \u0142atwo\u015bci zarz\u0105dzania swoimi walutami w jednym bezpiecznym portfelu.<\/p>\n","protected":false},"excerpt":{"rendered":"<p>Upro\u015b\u0107 swoje finanse dzi\u0119ki Quppy Cyfrowy Portfel Quppy zosta\u0142 zaprojektowany,","protected":false},"author":1,"featured_media":0,"parent":0,"menu_order":0,"comment_status":"closed","ping_status":"closed","template":"main-page.php","meta":{"footnotes":""},"class_list":["post-7","page","type-page","status-publish","hentry"],"acf":[],"_links":{"self":[{"href":"https:\/\/quppy.com\/pl\/wp-json\/wp\/v2\/pages\/7","targetHints":{"allow":["GET"]}}],"collection":[{"href":"https:\/\/quppy.com\/pl\/wp-json\/wp\/v2\/pages"}],"about":[{"href":"https:\/\/quppy.com\/pl\/wp-json\/wp\/v2\/types\/page"}],"author":[{"embeddable":true,"href":"https:\/\/quppy.com\/pl\/wp-json\/wp\/v2\/users\/1"}],"replies":[{"embeddable":true,"href":"https:\/\/quppy.com\/pl\/wp-json\/wp\/v2\/comments?post=7"}],"version-history":[{"count":60,"href":"https:\/\/quppy.com\/pl\/wp-json\/wp\/v2\/pages\/7\/revisions"}],"predecessor-version":[{"id":3029,"href":"https:\/\/quppy.com\/pl\/wp-json\/wp\/v2\/pages\/7\/revisions\/3029"}],"wp:attachment":[{"href":"https:\/\/quppy.com\/pl\/wp-json\/wp\/v2\/media?parent=7"}],"curies":[{"name":"wp","href":"https:\/\/api.w.org\/{rel}","templated":true}]}}